{"id":4000,"date":"2026-03-23T09:35:44","date_gmt":"2026-03-23T09:35:44","guid":{"rendered":"https:\/\/usaktaksicisi.com\/?page_id=4000"},"modified":"2026-04-21T07:23:12","modified_gmt":"2026-04-21T07:23:12","slug":"ulubey-kanyon","status":"publish","type":"page","link":"https:\/\/usaktaksicisi.com\/?page_id=4000","title":{"rendered":"Ulubey Kanyon"},"content":{"rendered":"<h2 data-path-to-node=\"2\"><a href=\"https:\/\/usaktaksicisi.com\/wp-content\/uploads\/2026\/03\/kanyon.png\"><img data-dominant-color=\"817056\" data-has-transparency=\"true\" style=\"--dominant-color: #817056;\" loading=\"lazy\" decoding=\"async\" class=\"aligncenter wp-image-4003 size-full has-transparency\" src=\"https:\/\/usaktaksicisi.com\/wp-content\/uploads\/2026\/03\/kanyon.png\" alt=\"\" width=\"516\" height=\"290\" srcset=\"https:\/\/usaktaksicisi.com\/wp-content\/uploads\/2026\/03\/kanyon.png 516w, https:\/\/usaktaksicisi.com\/wp-content\/uploads\/2026\/03\/kanyon-300x169.png 300w\" sizes=\"auto, (max-width: 516px) 100vw, 516px\" \/><\/a><\/h2>\n<h2 data-path-to-node=\"2\"><\/h2>\n<h2 data-path-to-node=\"2\"><\/h2>\n<h2 data-path-to-node=\"2\">D\u00fcnyan\u0131n En B\u00fcy\u00fck \u0130kinci Kanyonu: Ulubey<\/h2>\n<p data-path-to-node=\"3\">U\u015fak denince akla gelen ilk duraklardan biri, hi\u00e7 ku\u015fkusuz g\u00f6rkemli yap\u0131s\u0131yla b\u00fcy\u00fcleyen <b data-path-to-node=\"3\" data-index-in-node=\"88\">Ulubey Kanyonu<\/b>. Amerika\u2019daki B\u00fcy\u00fck Kanyon\u2019dan (Grand Canyon) sonra d\u00fcnyan\u0131n en uzun ikinci kanyonu olma unvan\u0131n\u0131 ta\u015f\u0131yan bu do\u011fa harikas\u0131, ziyaret\u00e7ilerine adeta bir g\u00f6rsel \u015f\u00f6len sunuyor.<\/p>\n<p data-path-to-node=\"4\"><b data-path-to-node=\"4\" data-index-in-node=\"0\">Neden Gitmelisiniz?<\/b><\/p>\n<ul>\n<li>\n<p data-path-to-node=\"5,0,0\"><b data-path-to-node=\"5,0,0\" data-index-in-node=\"0\">Cam Teras Deneyimi:<\/b> 150 metre y\u00fckseklikteki cam teras\u0131n \u00fczerine \u00e7\u0131kt\u0131\u011f\u0131n\u0131zda, kanyonun derinli\u011fini ve k\u0131vr\u0131ml\u0131 yap\u0131s\u0131n\u0131 ayaklar\u0131n\u0131z\u0131n alt\u0131nda hissedeceksiniz. Adrenalin sevenler i\u00e7in e\u015fsiz bir nokta!<\/p>\n<\/li>\n<li data-path-to-node=\"5,1,0\"><b data-path-to-node=\"5,1,0\" data-index-in-node=\"0\">Do\u011fa Y\u00fcr\u00fcy\u00fc\u015fleri:<\/b> Kanyonun i\u00e7ine inen parkurlarda y\u00fcr\u00fcy\u00fc\u015f yapabilir, Banaz \u00c7ay\u0131 ve Dokuzsele Deresi&#8217;nin olu\u015fturdu\u011fu bu devasa yar\u0131\u011f\u0131n i\u00e7inde do\u011fayla ba\u015f ba\u015fa kalabilirsiniz.<\/li>\n<\/ul>\n<p><strong>U\u015fak Taksicisi<\/strong> \u00c7i\u00e7ek Taksi Dura\u011f\u0131nda hizmet vermektedir.<\/p>\n","protected":false},"excerpt":{"rendered":"<p>D\u00fcnyan\u0131n En B\u00fcy\u00fck \u0130kinci Kanyonu: Ulubey U\u015fak denince akla gelen ilk duraklardan biri, hi\u00e7 ku\u015fkusuz g\u00f6rkemli yap\u0131s\u0131yla b\u00fcy\u00fcleyen Ulubey Kanyonu. Amerika\u2019daki B\u00fcy\u00fck Kanyon\u2019dan (Grand Canyon) sonra d\u00fcnyan\u0131n en uzun ikinci kanyonu olma unvan\u0131n\u0131 ta\u015f\u0131yan bu do\u011fa harikas\u0131, ziyaret\u00e7ilerine adeta bir g\u00f6rsel \u015f\u00f6len sunuyor. Neden Gitmelisiniz? Cam Teras Deneyimi: 150 metre y\u00fckseklikteki cam teras\u0131n \u00fczerine \u00e7\u0131kt\u0131\u011f\u0131n\u0131zda,<br \/><a class=\"moretag\" href=\"https:\/\/usaktaksicisi.com\/?page_id=4000\">+ Read More<\/a><\/p>\n","protected":false},"author":1,"featured_media":0,"parent":0,"menu_order":0,"comment_status":"closed","ping_status":"closed","template":"templates\/page-fullwidth_template.php","meta":{"_joinchat":[],"footnotes":""},"class_list":["post-4000","page","type-page","status-publish","hentry"],"_links":{"self":[{"href":"https:\/\/usaktaksicisi.com\/index.php?rest_route=\/wp\/v2\/pages\/4000","targetHints":{"allow":["GET"]}}],"collection":[{"href":"https:\/\/usaktaksicisi.com\/index.php?rest_route=\/wp\/v2\/pages"}],"about":[{"href":"https:\/\/usaktaksicisi.com\/index.php?rest_route=\/wp\/v2\/types\/page"}],"author":[{"embeddable":true,"href":"https:\/\/usaktaksicisi.com\/index.php?rest_route=\/wp\/v2\/users\/1"}],"replies":[{"embeddable":true,"href":"https:\/\/usaktaksicisi.com\/index.php?rest_route=%2Fwp%2Fv2%2Fcomments&post=4000"}],"version-history":[{"count":4,"href":"https:\/\/usaktaksicisi.com\/index.php?rest_route=\/wp\/v2\/pages\/4000\/revisions"}],"predecessor-version":[{"id":4006,"href":"https:\/\/usaktaksicisi.com\/index.php?rest_route=\/wp\/v2\/pages\/4000\/revisions\/4006"}],"wp:attachment":[{"href":"https:\/\/usaktaksicisi.com\/index.php?rest_route=%2Fwp%2Fv2%2Fmedia&parent=4000"}],"curies":[{"name":"wp","href":"https:\/\/api.w.org\/{rel}","templated":true}]}}