{"id":3974,"date":"2025-10-25T10:48:19","date_gmt":"2025-10-25T10:48:19","guid":{"rendered":"https:\/\/usaktaksicisi.com\/?page_id=3974"},"modified":"2025-11-01T10:05:37","modified_gmt":"2025-11-01T10:05:37","slug":"clandiras-koprusu","status":"publish","type":"page","link":"https:\/\/usaktaksicisi.com\/?page_id=3974","title":{"rendered":"Clandiras Koprusu"},"content":{"rendered":"<p><a href=\"https:\/\/usaktaksicisi.com\/wp-content\/uploads\/2025\/10\/cilandiras_usak_taksi.webp\" target=\"_blank\" rel=\"noopener\"><img data-dominant-color=\"79795d\" data-has-transparency=\"false\" style=\"--dominant-color: #79795d;\" loading=\"lazy\" decoding=\"async\" class=\"aligncenter wp-image-3975 size-full not-transparent\" src=\"https:\/\/usaktaksicisi.com\/wp-content\/uploads\/2025\/10\/cilandiras_usak_taksi.webp\" alt=\"U\u015fak Taksicisi\" width=\"516\" height=\"290\" srcset=\"https:\/\/usaktaksicisi.com\/wp-content\/uploads\/2025\/10\/cilandiras_usak_taksi.webp 516w, https:\/\/usaktaksicisi.com\/wp-content\/uploads\/2025\/10\/cilandiras_usak_taksi-300x169.webp 300w\" sizes=\"auto, (max-width: 516px) 100vw, 516px\" \/><\/a><\/p>\n<h4><strong>U\u015fak ilinin Karahall\u0131 il\u00e7esinde yer al\u0131r, Frigler zaman\u0131ndan g\u00fcn\u00fcm\u00fcze miras k\u00f6pr\u00fc, Banaz \u00c7ay\u0131 \u00fczerine yakla\u015f\u0131k 2.500 y\u0131l \u00f6nce yap\u0131lm\u0131\u015ft\u0131r. K\u00f6pr\u00fcn\u00fcn iki ucu, da\u011f kayalar\u0131na oturmu\u015ftur. Uzunlu\u011fu 24 metre, derinli\u011fi 17 metre, eni 1,77 metredir.<\/strong><\/h4>\n<h4><strong>U\u015fak&#8217; ta zaman ge\u00e7irmek isteyen ki\u015filerin gidebilece\u011fi bir mesire alan\u0131d\u0131r.<\/strong><\/h4>\n<p><em>U\u015fak Taksi Hizmetleri.<\/em><\/p>\n","protected":false},"excerpt":{"rendered":"<p>U\u015fak ilinin Karahall\u0131 il\u00e7esinde yer al\u0131r, Frigler zaman\u0131ndan g\u00fcn\u00fcm\u00fcze miras k\u00f6pr\u00fc, Banaz \u00c7ay\u0131 \u00fczerine yakla\u015f\u0131k 2.500 y\u0131l \u00f6nce yap\u0131lm\u0131\u015ft\u0131r. K\u00f6pr\u00fcn\u00fcn iki ucu, da\u011f kayalar\u0131na oturmu\u015ftur. Uzunlu\u011fu 24 metre, derinli\u011fi 17 metre, eni 1,77 metredir. U\u015fak&#8217; ta zaman ge\u00e7irmek isteyen ki\u015filerin gidebilece\u011fi bir mesire alan\u0131d\u0131r. U\u015fak Taksi Hizmetleri.<\/p>\n","protected":false},"author":1,"featured_media":0,"parent":0,"menu_order":0,"comment_status":"closed","ping_status":"closed","template":"templates\/page-fullwidth_template.php","meta":{"_joinchat":[],"footnotes":""},"class_list":["post-3974","page","type-page","status-publish","hentry"],"_links":{"self":[{"href":"https:\/\/usaktaksicisi.com\/index.php?rest_route=\/wp\/v2\/pages\/3974","targetHints":{"allow":["GET"]}}],"collection":[{"href":"https:\/\/usaktaksicisi.com\/index.php?rest_route=\/wp\/v2\/pages"}],"about":[{"href":"https:\/\/usaktaksicisi.com\/index.php?rest_route=\/wp\/v2\/types\/page"}],"author":[{"embeddable":true,"href":"https:\/\/usaktaksicisi.com\/index.php?rest_route=\/wp\/v2\/users\/1"}],"replies":[{"embeddable":true,"href":"https:\/\/usaktaksicisi.com\/index.php?rest_route=%2Fwp%2Fv2%2Fcomments&post=3974"}],"version-history":[{"count":4,"href":"https:\/\/usaktaksicisi.com\/index.php?rest_route=\/wp\/v2\/pages\/3974\/revisions"}],"predecessor-version":[{"id":3979,"href":"https:\/\/usaktaksicisi.com\/index.php?rest_route=\/wp\/v2\/pages\/3974\/revisions\/3979"}],"wp:attachment":[{"href":"https:\/\/usaktaksicisi.com\/index.php?rest_route=%2Fwp%2Fv2%2Fmedia&parent=3974"}],"curies":[{"name":"wp","href":"https:\/\/api.w.org\/{rel}","templated":true}]}}