{"id":3881,"date":"2025-10-04T13:22:08","date_gmt":"2025-10-04T13:22:08","guid":{"rendered":"https:\/\/usaktaksicisi.com\/?page_id=3881"},"modified":"2025-10-24T12:55:45","modified_gmt":"2025-10-24T12:55:45","slug":"hizmetler","status":"publish","type":"page","link":"https:\/\/usaktaksicisi.com\/?page_id=3881","title":{"rendered":"Hizmetler"},"content":{"rendered":"<h2>U\u015fak Taksi Hizmetlerimiz: G\u00fcvenli, H\u0131zl\u0131 ve Konforlu Yolculuk<\/h2>\r\n<p>\u00a0 <b>U\u015fak&#8217;ta taksi mi ar\u0131yorsunuz?<\/b> \u0130ster i\u015f ister \u00f6zel seyahatleriniz olsun, <b>usaktaksicisi<\/b>\u00a0olarak size <b>7\/24 kesintisiz<\/b>, <b>g\u00fcvenilir<\/b> ve <b>konforlu<\/b> ula\u015f\u0131m \u00e7\u00f6z\u00fcmleri sunuyoruz. U\u015fak&#8217;\u0131n neresinde olursan\u0131z olun, bir telefon kadar yak\u0131n\u0131z. \u00a0<\/p>\r\n<h3>Sundu\u011fumuz Temel Hizmetler<\/h3>\r\n<p>\u00a0 M\u00fc\u015fteri memnuniyetini \u00f6n planda tutarak, ihtiya\u00e7 duydu\u011funuz her an yan\u0131n\u0131zday\u0131z:<\/p>\r\n<ul>\r\n<li><b>7\/24 Kesintisiz Taksi Hizmeti:<\/b> Gecenin bir yar\u0131s\u0131 veya sabah\u0131n erken saatleri fark etmeksizin, g\u00fcn\u00fcn her saati bize ula\u015fabilir ve taksi talebinde bulunabilirsiniz.<\/li>\r\n<li><b>Hastane Transferleri:<\/b> Hastane gidi\u015f-d\u00f6n\u00fc\u015fleriniz i\u00e7in zaman\u0131nda ve rahat transfer hizmetleri sunuyoruz. Tedavi saatinize uygun planlama ile stres ya\u015famadan seyahat edin.<\/li>\r\n<li><b>\u015eehir \u0130\u00e7i ve \u015eehirler Aras\u0131 Yolculuklar:<\/b> U\u015fak merkezindeki t\u00fcm adreslere, il\u00e7elere (Banaz, E\u015fme, Karahall\u0131, Sivasl\u0131, Ulubey) veya \u00e7evre illere g\u00fcvenli ve h\u0131zl\u0131 ula\u015f\u0131m sa\u011fl\u0131yoruz.<\/li>\r\n<li><b>\u00d6zel G\u00fcn ve Etkinlik Ula\u015f\u0131m\u0131:<\/b> D\u00fc\u011f\u00fcn, ni\u015fan, toplant\u0131 veya \u00f6zel davetleriniz i\u00e7in \u015f\u0131k ve dakik ula\u015f\u0131m imkan\u0131.<\/li>\r\n<li><strong>Otogar Ula\u015f\u0131m\u0131 : U\u015fak Otogar\u0131 <\/strong>ula\u015f\u0131m\u0131 sa\u011fl\u0131yoruz otob\u00fcs\u00fcn\u00fcze zaman\u0131nda yeti\u015fmeniz i\u00e7in ve bagajlar\u0131n\u0131z i\u00e7in yard\u0131mc\u0131 olmaktay\u0131z.<\/li>\r\n<\/ul>\r\n<p>&nbsp;<\/p>\r\n<h3>Neden Bizi Tercih Etmelisiniz?<\/h3>\r\n<p>&nbsp;<\/p>\r\n<ol start=\"1\">\r\n<li><b>G\u00fcvenlik ve Konfor:<\/b> T\u00fcm ara\u00e7lar\u0131m\u0131z d\u00fczenli olarak dezenfekte edilmekte ve bak\u0131mlar\u0131 yap\u0131lmaktad\u0131r. Yolculu\u011funuz boyunca kendinizi g\u00fcvende ve rahat hissedin.<\/li>\r\n<li><b>Tecr\u00fcbeli \u015eof\u00f6rler:<\/b> U\u015fak g\u00fczergahlar\u0131na hakim, g\u00fcler y\u00fczl\u00fc ve profesyonel \u015fof\u00f6rlerimizle her zaman en k\u0131sa ve g\u00fcvenli yolu kullan\u0131r\u0131z.<\/li>\r\n<li><b>Net ve \u015eeffaf Fiyatland\u0131rma:<\/b> S\u00fcrpriz maliyetlerle kar\u015f\u0131la\u015fmazs\u0131n\u0131z. Yolculuk \u00f6ncesinde tahmini \u00fccret bilgisi alabilirsiniz.<\/li>\r\n<li><b>H\u0131zl\u0131 Ula\u015f\u0131m:<\/b> \u00c7a\u011fr\u0131n\u0131za en k\u0131sa s\u00fcrede yan\u0131t vererek taksimizi bulundu\u011funuz adrese h\u0131zla y\u00f6nlendiririz.<\/li>\r\n<\/ol>\r\n<p>&nbsp;<\/p>\r\n<h3>Hemen Taksi \u00c7a\u011f\u0131r\u0131n<\/h3>\r\n<p>\u00a0 U\u015fak&#8217;ta g\u00fcvenilir, konforlu ve h\u0131zl\u0131 bir yolculuk i\u00e7in bizi aray\u0131n! &#x1f4de; <b>Hemen Ara: <a href=\"tel:0532 499 64 69\">0532 499 64 69<\/a><\/b> <i>Yolculu\u011funuzun her an\u0131nda yan\u0131n\u0131zday\u0131z<\/i><\/p>\r\n<!-- \/wp:post-content -->\r\n\r\n<!-- wp:paragraph {\"align\":\"center\",\"placeholder\":\"Ba\u015fl\u0131k yaz\u0131n\u2026\",\"fontSize\":\"large\"} -->\r\n<p class=\"has-text-align-center has-large-font-size\">\u00a0<\/p>","protected":false},"excerpt":{"rendered":"<p>U\u015fak Taksi Hizmetlerimiz: G\u00fcvenli, H\u0131zl\u0131 ve Konforlu Yolculuk \u00a0 U\u015fak&#8217;ta taksi mi ar\u0131yorsunuz? \u0130ster i\u015f ister \u00f6zel seyahatleriniz olsun, usaktaksicisi\u00a0olarak size 7\/24 kesintisiz, g\u00fcvenilir ve konforlu ula\u015f\u0131m \u00e7\u00f6z\u00fcmleri sunuyoruz. U\u015fak&#8217;\u0131n neresinde olursan\u0131z olun, bir telefon kadar yak\u0131n\u0131z. \u00a0 Sundu\u011fumuz Temel Hizmetler \u00a0 M\u00fc\u015fteri memnuniyetini \u00f6n planda tutarak, ihtiya\u00e7 duydu\u011funuz her an yan\u0131n\u0131zday\u0131z: 7\/24 Kesintisiz Taksi<br \/><a class=\"moretag\" href=\"https:\/\/usaktaksicisi.com\/?page_id=3881\">+ Read More<\/a><\/p>\n","protected":false},"author":1,"featured_media":0,"parent":0,"menu_order":0,"comment_status":"closed","ping_status":"closed","template":"templates\/page-fullwidth_template.php","meta":{"_joinchat":[],"footnotes":""},"class_list":["post-3881","page","type-page","status-publish","hentry"],"_links":{"self":[{"href":"https:\/\/usaktaksicisi.com\/index.php?rest_route=\/wp\/v2\/pages\/3881","targetHints":{"allow":["GET"]}}],"collection":[{"href":"https:\/\/usaktaksicisi.com\/index.php?rest_route=\/wp\/v2\/pages"}],"about":[{"href":"https:\/\/usaktaksicisi.com\/index.php?rest_route=\/wp\/v2\/types\/page"}],"author":[{"embeddable":true,"href":"https:\/\/usaktaksicisi.com\/index.php?rest_route=\/wp\/v2\/users\/1"}],"replies":[{"embeddable":true,"href":"https:\/\/usaktaksicisi.com\/index.php?rest_route=%2Fwp%2Fv2%2Fcomments&post=3881"}],"version-history":[{"count":3,"href":"https:\/\/usaktaksicisi.com\/index.php?rest_route=\/wp\/v2\/pages\/3881\/revisions"}],"predecessor-version":[{"id":3894,"href":"https:\/\/usaktaksicisi.com\/index.php?rest_route=\/wp\/v2\/pages\/3881\/revisions\/3894"}],"wp:attachment":[{"href":"https:\/\/usaktaksicisi.com\/index.php?rest_route=%2Fwp%2Fv2%2Fmedia&parent=3881"}],"curies":[{"name":"wp","href":"https:\/\/api.w.org\/{rel}","templated":true}]}}